{"id":151,"date":"2017-02-22T13:49:55","date_gmt":"2017-02-22T18:49:55","guid":{"rendered":"http:\/\/ccseas.ca\/?page_id=151"},"modified":"2026-03-01T18:03:25","modified_gmt":"2026-03-01T18:03:25","slug":"conferences","status":"publish","type":"page","link":"https:\/\/www.ccseas.ca\/index.php\/conferences\/","title":{"rendered":"Conferences"},"content":{"rendered":"\n<p>2027 | <a href=\"#2025\">2025<\/a> | <a href=\"#2023\" data-type=\"internal\" data-id=\"#2023\">2023 <\/a>| <a href=\"#2021\">2021<\/a> | <a href=\"#2019\">2019<\/a> | <a href=\"#2017\">2017<\/a> | <a href=\"#2015\">2015<\/a> | <a href=\"#2013\">2013<\/a> | <a href=\"#2011\">2011<\/a> | <a href=\"#2007\">2007<\/a> | <a href=\"#2005\">2005<\/a> | <a href=\"#2003\">2003<\/a> | <a href=\"#list\">Full List<\/a><br> <a name=\"2017\"><\/a><\/p>\n\n\n\n<h2 class=\"wp-block-heading\">2027<\/h2>\n\n\n\n<p><strong>Theme: TBC \u00a0<\/strong><br><strong>Dates:<\/strong> October 2027 (TBC)<br><strong>Venue: <\/strong>Saskatoon, Saskatchewan<br><strong>Host<\/strong>: University of Saskatchewan<\/p>\n\n\n\n<p>More information to follow in Fall 2026 \/ Plus d\u2019informations \u00e0 suivre \u00e0 l\u2019automne 2026<\/p>\n\n\n\n<hr class=\"wp-block-separator has-alpha-channel-opacity\"\/>\n\n\n\n<h2 class=\"wp-block-heading\" id=\"2025\">2025<\/h2>\n\n\n\n<p><strong>Theme: Pursuing the Common Good \u00a0<\/strong><br><strong>Dates:<\/strong> 23\u201325 October\/octobre 2025<br><strong>Venue: <\/strong>University of Victoria, Victoria, B.C.<br><strong>Host<\/strong>: University of Victoria<\/p>\n\n\n\n<p><a href=\"https:\/\/www.ccseas.ca\/index.php\/2025-conference-colloque-en-2025\/\">Conference webpage \/ <span class=\"Y2IQFc\" lang=\"fr\">en savoir plus sur la conf\u00e9rence<\/span><\/a><\/p>\n\n\n\n<hr class=\"wp-block-separator has-alpha-channel-opacity\"\/>\n\n\n\n<p><a name=\"2021\"><\/a><\/p>\n\n\n\n<h2 class=\"wp-block-heading\" id=\"2023\">2023<\/h2>\n\n\n\n<p><strong>Theme: <\/strong>resiliences<br> <strong>Dates:<\/strong> 12-14 October\/octobre 2023<br> <strong>Venue: <\/strong>Universit\u00e9 Laval, Qu\u00e9bec, Canada<\/p>\n\n\n\n<p><a href=\"https:\/\/www.ccseas.ca\/index.php\/2023-conference\/\">Conference webpage \/ <span class=\"Y2IQFc\" lang=\"fr\">en savoir plus sur la conf\u00e9rence<\/span><\/a><\/p>\n\n\n\n<hr class=\"wp-block-separator has-alpha-channel-opacity\"\/>\n\n\n\n<p><a name=\"2021\"><\/a><\/p>\n\n\n\n<h2 class=\"wp-block-heading\">2021<\/h2>\n\n\n\n<p><strong>Theme:&nbsp;<\/strong><a href=\"https:\/\/www.ccseas2021.ca\/\"><span lang=\"EN-US\">People, Power, Politics, Pandemics and Other Perils in Southeast Asia<\/span><\/a><br>\n<strong>Dates:<\/strong> 21\u201324 October 2021<br>\n<strong>Venue:<\/strong>&nbsp;University of British Columbia, Vancouver, British Columbia<\/p>\n\n\n\n<p><a href=\"https:\/\/www.ccseas.ca\/wp-content\/uploads\/2023\/01\/ccseas-ccease-programme-2021.pdf\">2021 Conference programme<\/a><\/p>\n\n\n\n<hr class=\"wp-block-separator has-alpha-channel-opacity\"\/>\n\n\n\n<p><a name=\"2019\"><\/a><\/p>\n\n\n\n<h2 class=\"wp-block-heading\">2019<\/h2>\n\n\n\n<p><strong>Theme:<\/strong> Power in Southeast Asia<br>\n<strong>Dates:<\/strong> 24\u201326 October 2019<br>\n<strong>Venue:<\/strong> McGill University and University of Sherbrooke (Longueuil), Montr\u00e9al, Qu\u00e9bec<\/p>\n\n\n\n<p><a href=\"https:\/\/www.ccseas.ca\/wp-content\/uploads\/2023\/01\/ccseas-ccease-programme-2019.pdf\">2019 Conference Programme<\/a><\/p>\n\n\n\n<hr class=\"wp-block-separator has-alpha-channel-opacity\"\/>\n\n\n\n<p><a name=\"2017\"><\/a><\/p>\n\n\n\n<h2 class=\"wp-block-heading\">2017<\/h2>\n\n\n\n<p><strong>Theme:<\/strong> People In and Out of Place<br>\n<strong>Dates:<\/strong> 26\u201328 October 2017<br>\n<strong>Venue:<\/strong> York University, Toronto, Ontario<br>\n<strong>Program:<\/strong> <a href=\"https:\/\/ccseas-ccease.apps01.yorku.ca\/wp-content\/uploads\/2017\/10\/ccseas2017program-24oct-fin.pdf\">2017 Conference Program<\/a><br>\n<strong>Information on Panels:&nbsp;<\/strong><a title=\"PANEL DETAILS_v2\" href=\"https:\/\/ccseas-ccease.apps01.yorku.ca\/wp-content\/uploads\/2017\/08\/panel-details_v2.pdf\">Read panel details.<\/a><br>\n<strong>Information about Cultural Performances:<\/strong> <a href=\"https:\/\/ccseas-ccease.apps01.yorku.ca\/wp-content\/uploads\/2017\/09\/performances_v2.pdf\">Read about the performances.<\/a><br>\n<a href=\"https:\/\/ccseas-ccease.apps01.yorku.ca\/index.php\/2017\/11\/30\/ccseas-2017-photos-videos\/\">View photos and videos<\/a> from the 2017 Conference.<\/p>\n\n\n\n<hr class=\"wp-block-separator has-alpha-channel-opacity\"\/>\n\n\n\n<p><a name=\"2015\"><\/a><\/p>\n\n\n\n<h2 class=\"wp-block-heading\">2015<\/h2>\n\n\n\n<p><strong>Theme:<\/strong> Tensions and Transformations: Southeast Asia in a Changing World<br>\n<strong>Dates:<\/strong> 15\u201317 October 2015<br>\n<strong>Venue:<\/strong> University of Ottawa, Ontario<br>\n<strong>Program:<\/strong> <a title=\"2015-ccseas-program\" href=\"https:\/\/ccseas-ccease.apps01.yorku.ca\/wp-content\/uploads\/2017\/02\/2015-ccseas-program.pdf\">2015 Conference Programme<\/a><br>\n<a name=\"2013\"><\/a><\/p>\n\n\n\n<h2 class=\"wp-block-heading\">2013<\/h2>\n\n\n\n<p><strong>Theme:<\/strong> Multiple Encounters, Shifting Spaces: Southeast Asia at the Crossroads<br>\n<strong>Dates:<\/strong> 17\u201319 October 2013<br>\n<strong>Venue:<\/strong> Universit\u00e9 de Montr\u00e9al, Qu\u00e9bec<br>\n<strong>Program:<\/strong> <a title=\"2013-ccseas-program\" href=\"https:\/\/ccseas-ccease.apps01.yorku.ca\/wp-content\/uploads\/2017\/02\/2013-ccseas-program1.pdf\">2013 Conference Programme<\/a><br>\n<a name=\"2011\"><\/a><\/p>\n\n\n\n<h2 class=\"wp-block-heading\">2011<\/h2>\n\n\n\n<p><strong>Dates:<\/strong> 13\u201315 October 2011<br>\n<strong>Venue:<\/strong> University of Toronto, Ontario<br>\n<strong>Program:<\/strong> <a title=\"2011-ccseas-program\" href=\"https:\/\/ccseas-ccease.apps01.yorku.ca\/wp-content\/uploads\/2017\/02\/2011-ccseas-program.pdf\">2011 Conference Programme<\/a><br>\n<a name=\"2007\"><\/a><\/p>\n\n\n\n<h2 class=\"wp-block-heading\">2007<\/h2>\n\n\n\n<p><strong>Theme:<\/strong> Beyond Boundaries: Southeast Asian Studies in the 21st Century<br>\n<strong>Dates:<\/strong> 19\u201321 October 2007<br>\n<strong>Venue:<\/strong> Universit\u00e9 Laval, Qu\u00e9bec<br>\n<a title=\"2007-announcement\" href=\"https:\/\/ccseas-ccease.apps01.yorku.ca\/wp-content\/uploads\/2017\/03\/2007-announcement.pdf\">Read the conference&#8217;s Call for Papers<\/a><br>\n<a name=\"2005\"><\/a><\/p>\n\n\n\n<h2 class=\"wp-block-heading\">2005<\/h2>\n\n\n\n<p><strong>Theme:<\/strong> Re-envisioning Southeast Asia: Conflicts, Connections and Vulnerabilities<br>\n<strong>Dates:<\/strong> 14\u201316 October 2005<br>\n<strong>Venue:<\/strong> York University, Toronto, Ontario<br>\n<a title=\"2005-announcement\" href=\"https:\/\/ccseas-ccease.apps01.yorku.ca\/wp-content\/uploads\/2017\/03\/2005-announcement.pdf\">Read the conference&#8217;s Call for Papers<\/a><br>\n<a name=\"2003\"><\/a><\/p>\n\n\n\n<h2 class=\"wp-block-heading\">2003<\/h2>\n\n\n\n<p><strong>Venue:<\/strong> Universit\u00e9 de Montr\u00e9al, Qu\u00e9bec<br>\n<strong>Panels:<\/strong> <a title=\"2003-panels\" href=\"https:\/\/ccseas-ccease.apps01.yorku.ca\/wp-content\/uploads\/2017\/03\/2003-panels.pdf\">Read the list of panels<\/a><\/p>\n\n\n\n<hr class=\"wp-block-separator has-alpha-channel-opacity\"\/>\n\n\n\n<p><a name=\"list\"><\/a><\/p>\n\n\n\n<h2 class=\"wp-block-heading\">List of CCSEAS Conferences<\/h2>\n\n\n\n<figure class=\"wp-block-table\"><table class=\"has-fixed-layout\"><tbody><tr><th>Venue<\/th><th>Year<\/th><\/tr><tr><td>1971<\/td><td>University of Guelph, Ontario<\/td><\/tr><tr><td>1972<\/td><td>University of Western Ontario, London, Ontario<\/td><\/tr><tr><td>1973<\/td><td>York University, Toronto, Ontario<\/td><\/tr><tr><td>1974<\/td><td>University of Windsor, Ontario<\/td><\/tr><tr><td>1975<\/td><td>University of Guelph, Ontario<\/td><\/tr><tr><td>1976<\/td><td>York University, Toronto, Ontario<\/td><\/tr><tr><td>1977<\/td><td>McMaster University, Hamilton<\/td><\/tr><tr><td>1978<\/td><td>University of Ottawa, Ontario<\/td><\/tr><tr><td>1979<\/td><td>University of British Columbia, Vancouver, British Columbia<\/td><\/tr><tr><td>1980<\/td><td>University of Windsor, Ontario<\/td><\/tr><tr><td>1981<\/td><td>University of Calgary, Alberta<\/td><\/tr><tr><td>1982<\/td><td>Lakehead University, Thunder Bay, Ontario<\/td><\/tr><tr><td>1983<\/td><td>University of Toronto, Ontario<\/td><\/tr><tr><td>1984<\/td><td>Acadia University, Wolfville, Nova Scotia<\/td><\/tr><tr><td>1985<\/td><td>Universit\u00e9 Laval, Qu\u00e9bec<\/td><\/tr><tr><td>1986<\/td><td>University of Ottawa, Ontario<\/td><\/tr><tr><td>1987<\/td><td>University of Saskatoon, Saskatchewan<\/td><\/tr><tr><td>1988<\/td><td>University of Halifax, Nova Scotia<\/td><\/tr><tr><td>1989<\/td><td>University of British Columbia, Vancouver, British Columbia<\/td><\/tr><tr><td>1991<\/td><td>York University, Toronto, Ontario<\/td><\/tr><tr><td>1993<\/td><td>University of Edmonton, Alberta<\/td><\/tr><tr><td>1995<\/td><td>Universit\u00e9 Laval, Qu\u00e9bec<\/td><\/tr><tr><td>1997<\/td><td>Acadia University, Wolfville, Nova Scotia<\/td><\/tr><tr><td>1999<\/td><td>University of British Columbia, Vancouver, British Columbia<\/td><\/tr><tr><td>2001<\/td><td>University of Victoria, Vancouver, British Columbia<\/td><\/tr><tr><td>2003<\/td><td>Universit\u00e9 de Montr\u00e9al, Qu\u00e9bec<\/td><\/tr><tr><td>2005<\/td><td>York University, Toronto, Ontario<\/td><\/tr><tr><td>2007<\/td><td>Universit\u00e9 Laval, Qu\u00e9bec<\/td><\/tr><tr><td>2009<\/td><td>University of British Columbia, Vancouver, British Columbia<\/td><\/tr><tr><td>2011<\/td><td>University of Toronto, Ontario<\/td><\/tr><tr><td>2013<\/td><td>Universit\u00e9 de Montr\u00e9al, Qu\u00e9bec<\/td><\/tr><tr><td>2015<\/td><td>University of Ottawa, Ontario<\/td><\/tr><tr><td>2017<\/td><td>York University, Toronto, Ontario<\/td><\/tr><tr><td>2019<\/td><td>McGill University and University of Sherbrooke (Longueuil), Montr\u00e9al, Qu\u00e9bec<\/td><\/tr><tr><td>2021<\/td><td>University of British Columbia, Vancouver, British Columbia<\/td><\/tr><tr><td>2023<\/td><td>Universit\u00e9 Laval, Qu\u00e9bec<\/td><\/tr><tr><td>2025<\/td><td>University of Victoria, British Columbia<\/td><\/tr><tr><td>2027<\/td><td>University of Saskatchewan, Saskatoon, Saskatchewan<\/td><\/tr><\/tbody><\/table><\/figure>\n\n\n\n<p><\/p>\n","protected":false},"excerpt":{"rendered":"<p>2027 | 2025 | 2023 | 2021 | 2019 | 2017 | 2015 | 2013 | 2011 | 2007 | 2005 | 2003 | Full List 2027 Theme: TBC \u00a0Dates: October 2027 (TBC)Venue: Saskatoon, SaskatchewanHost: University of Saskatchewan More information to follow in Fall 2026 \/ Plus d\u2019informations \u00e0 suivre \u00e0 l\u2019automne 2026 2025 Theme: [&hellip;]<\/p>\n","protected":false},"author":1,"featured_media":0,"parent":0,"menu_order":0,"comment_status":"closed","ping_status":"closed","template":"","meta":{"footnotes":""},"class_list":["post-151","page","type-page","status-publish","hentry"],"_links":{"self":[{"href":"https:\/\/www.ccseas.ca\/index.php\/wp-json\/wp\/v2\/pages\/151","targetHints":{"allow":["GET"]}}],"collection":[{"href":"https:\/\/www.ccseas.ca\/index.php\/wp-json\/wp\/v2\/pages"}],"about":[{"href":"https:\/\/www.ccseas.ca\/index.php\/wp-json\/wp\/v2\/types\/page"}],"author":[{"embeddable":true,"href":"https:\/\/www.ccseas.ca\/index.php\/wp-json\/wp\/v2\/users\/1"}],"replies":[{"embeddable":true,"href":"https:\/\/www.ccseas.ca\/index.php\/wp-json\/wp\/v2\/comments?post=151"}],"version-history":[{"count":32,"href":"https:\/\/www.ccseas.ca\/index.php\/wp-json\/wp\/v2\/pages\/151\/revisions"}],"predecessor-version":[{"id":4451,"href":"https:\/\/www.ccseas.ca\/index.php\/wp-json\/wp\/v2\/pages\/151\/revisions\/4451"}],"wp:attachment":[{"href":"https:\/\/www.ccseas.ca\/index.php\/wp-json\/wp\/v2\/media?parent=151"}],"curies":[{"name":"wp","href":"https:\/\/api.w.org\/{rel}","templated":true}]}}