{"id":154,"date":"2017-02-22T13:51:02","date_gmt":"2017-02-22T18:51:02","guid":{"rendered":"http:\/\/ccseas.ca\/?page_id=154"},"modified":"2024-11-01T14:49:54","modified_gmt":"2024-11-01T14:49:54","slug":"newsletter","status":"publish","type":"page","link":"https:\/\/www.ccseas.ca\/index.php\/newsletter\/","title":{"rendered":"Newsletter"},"content":{"rendered":"\n<p>The CCSEAS Newsletter is the result of combined efforts by individuals of different backgrounds who share a passion for research in Southeast Asia, one of the world\u2019s most dynamic regions. A dedicated editorial team of graduate students throughout Canada edit the biannual CCSEAS newsletters. Submissions, in French and English, are accepted and reviewed on a rolling basis. Get in touch with us at <a href=\"mailto:ccseas@yorku.ca\" target=\"_blank\" rel=\"noreferrer noopener\">ccseas[at]yorku.ca<\/a>. \u00a0<\/p>\n\n\n\n<figure class=\"wp-block-image aligncenter\"><img loading=\"lazy\" decoding=\"async\" width=\"1620\" height=\"1162\" src=\"https:\/\/www.ccseas.ca\/wp-content\/uploads\/2022\/03\/Cover-Vol15-2022.png\" alt=\"\" class=\"wp-image-4060\" srcset=\"https:\/\/www.ccseas.ca\/wp-content\/uploads\/2022\/03\/Cover-Vol15-2022.png 1620w, https:\/\/www.ccseas.ca\/wp-content\/uploads\/2022\/03\/Cover-Vol15-2022-300x215.png 300w, https:\/\/www.ccseas.ca\/wp-content\/uploads\/2022\/03\/Cover-Vol15-2022-1024x734.png 1024w, https:\/\/www.ccseas.ca\/wp-content\/uploads\/2022\/03\/Cover-Vol15-2022-768x551.png 768w, https:\/\/www.ccseas.ca\/wp-content\/uploads\/2022\/03\/Cover-Vol15-2022-1536x1102.png 1536w, https:\/\/www.ccseas.ca\/wp-content\/uploads\/2022\/03\/Cover-Vol15-2022-1568x1125.png 1568w\" sizes=\"auto, (max-width: 1620px) 100vw, 1620px\" \/><\/figure>\n\n\n\n<p><\/p>\n\n\n\n<p><span style=\"color: #000080;\">Le bulletin du CCEASE est le r\u00e9sultat des efforts conjugu\u00e9s de personnes d&#8217;horizons diff\u00e9rents qui partagent une passion pour la recherche en Asie du Sud-Est, l&#8217;une des r\u00e9gions les plus dynamiques du monde. Une \u00e9quipe \u00e9ditoriale d\u00e9vou\u00e9e d&#8217;\u00e9tudiants dipl\u00f4m\u00e9s de partout au Canada \u00e9dite les bulletins semestriels du CCEASE. Les soumissions, en fran\u00e7ais et en anglais, sont accept\u00e9es et examin\u00e9es au fur et \u00e0 mesure. Contactez-nous \u00e0 <a style=\"color: #000080;\" href=\"mailto:ccseas@yorku.ca\" target=\"_blank\" rel=\"noreferrer noopener\">ccseas@yorku.ca<\/a>. \u00a0\u00a0\u00a0<\/span><strong><br><\/strong><\/p>\n\n\n\n<hr class=\"wp-block-separator has-alpha-channel-opacity\"\/>\n\n\n\n<figure class=\"wp-block-image size-large is-resized\"><img loading=\"lazy\" decoding=\"async\" width=\"1024\" height=\"130\" src=\"https:\/\/www.ccseas.ca\/wp-content\/uploads\/2021\/10\/ccseasnewsletter_header-1024x130.jpg\" alt=\"\" class=\"wp-image-3983\" srcset=\"https:\/\/www.ccseas.ca\/wp-content\/uploads\/2021\/10\/ccseasnewsletter_header-1024x130.jpg 1024w, https:\/\/www.ccseas.ca\/wp-content\/uploads\/2021\/10\/ccseasnewsletter_header-300x38.jpg 300w, https:\/\/www.ccseas.ca\/wp-content\/uploads\/2021\/10\/ccseasnewsletter_header-768x97.jpg 768w, https:\/\/www.ccseas.ca\/wp-content\/uploads\/2021\/10\/ccseasnewsletter_header-1536x195.jpg 1536w, https:\/\/www.ccseas.ca\/wp-content\/uploads\/2021\/10\/ccseasnewsletter_header-2048x259.jpg 2048w, https:\/\/www.ccseas.ca\/wp-content\/uploads\/2021\/10\/ccseasnewsletter_header-1568x199.jpg 1568w\" sizes=\"auto, (max-width: 1024px) 100vw, 1024px\" \/><\/figure>\n\n\n\n<h3 class=\"wp-block-heading has-text-align-center\">Newsletter Archive<\/h3>\n\n\n\n<p class=\"has-text-align-center\"><a href=\"https:\/\/www.ccseas.ca\/wp-content\/uploads\/2022\/03\/ccseas-newsletter-winter-2022_ccease-bulletin-hiver-2022.pdf\">2022\/ Winter\/hiver<\/a><br><a href=\"https:\/\/ccseas-ccease.apps01.yorku.ca\/wp-content\/uploads\/2020\/11\/2020-fall-ccseas-ccease-newsletter.pdf\">2020 Fall<\/a><br><a href=\"https:\/\/www.ccseas.ca\/wp-content\/uploads\/2018\/12\/fall-2018-ccsease-ccseas-newsletter.pdf\">2018 Fall<\/a><br><a href=\"https:\/\/www.ccseas.ca\/wp-content\/uploads\/2017\/10\/ccease_fall2017-print_2017-10-19_web.pdf\">2017 Fall<\/a><br><a href=\"https:\/\/www.ccseas.ca\/wp-content\/uploads\/2017\/10\/ccease_winter2017-print_2017-10-19.pdf\">2017 Winter<\/a><br><a href=\"https:\/\/ccseas-ccease.apps01.yorku.ca\/wp-content\/uploads\/2017\/02\/2013-newsletter-vol11no3.pdf\">2013 Fall<\/a><br><a href=\"https:\/\/ccseas-ccease.apps01.yorku.ca\/wp-content\/uploads\/2017\/02\/2013-newsletter-vol11no2.pdf\">2013 Spring<\/a><br><a href=\"https:\/\/ccseas-ccease.apps01.yorku.ca\/wp-content\/uploads\/2017\/02\/2011-newsletter-vol10no2.pdf\">2011 Winter<\/a><br><a href=\"https:\/\/ccseas-ccease.apps01.yorku.ca\/wp-content\/uploads\/2017\/02\/2009-newsletter-vol9no2.pdf\">2009 Winter<\/a><br><a href=\"https:\/\/ccseas-ccease.apps01.yorku.ca\/wp-content\/uploads\/2017\/02\/2009-newsletter-vol9no1.pdf\">2009 Spring<\/a><br><a href=\"https:\/\/ccseas-ccease.apps01.yorku.ca\/wp-content\/uploads\/2017\/02\/2008-newsletter.pdf\">2008<\/a><\/p>\n\n\n\n<p><\/p>\n","protected":false},"excerpt":{"rendered":"<p>The CCSEAS Newsletter is the result of combined efforts by individuals of different backgrounds who share a passion for research in Southeast Asia, one of the world\u2019s most dynamic regions. A dedicated editorial team of graduate students throughout Canada edit the biannual CCSEAS newsletters. Submissions, in French and English, are accepted and reviewed on a [&hellip;]<\/p>\n","protected":false},"author":1,"featured_media":0,"parent":0,"menu_order":0,"comment_status":"closed","ping_status":"closed","template":"","meta":{"footnotes":""},"class_list":["post-154","page","type-page","status-publish","hentry"],"_links":{"self":[{"href":"https:\/\/www.ccseas.ca\/index.php\/wp-json\/wp\/v2\/pages\/154","targetHints":{"allow":["GET"]}}],"collection":[{"href":"https:\/\/www.ccseas.ca\/index.php\/wp-json\/wp\/v2\/pages"}],"about":[{"href":"https:\/\/www.ccseas.ca\/index.php\/wp-json\/wp\/v2\/types\/page"}],"author":[{"embeddable":true,"href":"https:\/\/www.ccseas.ca\/index.php\/wp-json\/wp\/v2\/users\/1"}],"replies":[{"embeddable":true,"href":"https:\/\/www.ccseas.ca\/index.php\/wp-json\/wp\/v2\/comments?post=154"}],"version-history":[{"count":22,"href":"https:\/\/www.ccseas.ca\/index.php\/wp-json\/wp\/v2\/pages\/154\/revisions"}],"predecessor-version":[{"id":4334,"href":"https:\/\/www.ccseas.ca\/index.php\/wp-json\/wp\/v2\/pages\/154\/revisions\/4334"}],"wp:attachment":[{"href":"https:\/\/www.ccseas.ca\/index.php\/wp-json\/wp\/v2\/media?parent=154"}],"curies":[{"name":"wp","href":"https:\/\/api.w.org\/{rel}","templated":true}]}}