{"id":4296,"date":"2023-07-27T22:26:19","date_gmt":"2023-07-27T22:26:19","guid":{"rendered":"https:\/\/www.ccseas.ca\/?page_id=4296"},"modified":"2023-09-29T16:16:22","modified_gmt":"2023-09-29T16:16:22","slug":"2023-conference","status":"publish","type":"page","link":"https:\/\/www.ccseas.ca\/index.php\/2023-conference\/","title":{"rendered":"2023 Conference"},"content":{"rendered":"\n<p><a href=\"https:\/\/www.ccseas.ca\/wp-content\/uploads\/2023\/09\/ccseas-ccease-programme-2023.pdf\">The final 2023 conference program<\/a> and <a href=\"https:\/\/www.ccseas.ca\/wp-content\/uploads\/2023\/09\/ccseas-ccease-abstracts-resumes-2023.pdf\">abstracts<\/a> are now available.<\/p>\n\n\n\n<p>We are very pleased to have Vatthana Pholsena (National University of Singapore) and G\u00e1bor Vargyas (Hungarian Academy of Sciences) as our <a href=\"https:\/\/www.ccseas.ca\/index.php\/2023\/09\/29\/our-2023-keynote-speakers\/\">2023 keynote speakers<\/a>!<\/p>\n\n\n\n<p>Congratulation to the graduate students enrolled at <a href=\"https:\/\/cseasi.ca\/\">Canadian Southeast Asian Studies Initiative<\/a> consortium universities who received travel funding to participate in CCSEAS 2023. <\/p>\n\n\n\n<p>If you have questions or require information that is not available below, please contact the Secretariat at <a href=\"mailto:ccseas@yorku.ca\">ccseas@yorku.ca<\/a>.<\/p>\n\n\n\n<p><br>***<\/p>\n\n\n\n<p><a href=\"https:\/\/www.ccseas.ca\/wp-content\/uploads\/2023\/09\/ccseas-ccease-programme-2023.pdf\">Le programme final de la conf\u00e9rence<\/a> et <a href=\"https:\/\/www.ccseas.ca\/wp-content\/uploads\/2023\/09\/ccseas-ccease-abstracts-resumes-2023.pdf\">les r\u00e9sum\u00e9s<\/a> sont maintenant disponibles. <\/p>\n\n\n\n<p>Vatthana Pholsena (Universit\u00e9 nationale de Singapour) et G\u00e1bor Vargyas (Acad\u00e9mie hongroise des sciences) sont nos <a href=\"https:\/\/www.ccseas.ca\/index.php\/2023\/09\/29\/our-2023-keynote-speakers\/\">conf\u00e9renciers principaux de 2023<\/a>.\u00a0<\/p>\n\n\n\n<p>Si vous avez des questions ou avez besoin d\u2019informations suppl\u00e9mentaires, veuillez communiquer avec le Secr\u00e9tariat au <a href=\"mailto:ccseas@yorku.ca\">ccseas@yorku.ca<\/a>.<a href=\"https:\/\/www.ccseas.ca\/wp-admin\/post.php?post=3805&amp;action=edit\"><\/a><\/p>\n","protected":false},"excerpt":{"rendered":"<p>The final 2023 conference program and abstracts are now available. We are very pleased to have Vatthana Pholsena (National University of Singapore) and G\u00e1bor Vargyas (Hungarian Academy of Sciences) as our 2023 keynote speakers! Congratulation to the graduate students enrolled at Canadian Southeast Asian Studies Initiative consortium universities who received travel funding to participate in [&hellip;]<\/p>\n","protected":false},"author":1,"featured_media":0,"parent":0,"menu_order":0,"comment_status":"closed","ping_status":"closed","template":"","meta":{"footnotes":""},"class_list":["post-4296","page","type-page","status-publish","hentry"],"_links":{"self":[{"href":"https:\/\/www.ccseas.ca\/index.php\/wp-json\/wp\/v2\/pages\/4296","targetHints":{"allow":["GET"]}}],"collection":[{"href":"https:\/\/www.ccseas.ca\/index.php\/wp-json\/wp\/v2\/pages"}],"about":[{"href":"https:\/\/www.ccseas.ca\/index.php\/wp-json\/wp\/v2\/types\/page"}],"author":[{"embeddable":true,"href":"https:\/\/www.ccseas.ca\/index.php\/wp-json\/wp\/v2\/users\/1"}],"replies":[{"embeddable":true,"href":"https:\/\/www.ccseas.ca\/index.php\/wp-json\/wp\/v2\/comments?post=4296"}],"version-history":[{"count":8,"href":"https:\/\/www.ccseas.ca\/index.php\/wp-json\/wp\/v2\/pages\/4296\/revisions"}],"predecessor-version":[{"id":4311,"href":"https:\/\/www.ccseas.ca\/index.php\/wp-json\/wp\/v2\/pages\/4296\/revisions\/4311"}],"wp:attachment":[{"href":"https:\/\/www.ccseas.ca\/index.php\/wp-json\/wp\/v2\/media?parent=4296"}],"curies":[{"name":"wp","href":"https:\/\/api.w.org\/{rel}","templated":true}]}}