{"id":936,"date":"2016-05-11T23:50:26","date_gmt":"2016-05-11T23:50:26","guid":{"rendered":"https:\/\/ccseas2017t.wordpress.com\/about\/"},"modified":"2026-03-01T17:54:24","modified_gmt":"2026-03-01T17:54:24","slug":"about","status":"publish","type":"page","link":"https:\/\/www.ccseas.ca\/index.php\/about\/","title":{"rendered":"About"},"content":{"rendered":"\n<p><span style=\"color: #000000;\">The Canadian Council for Southeast Asian Studies (CCSEAS) brings together scholars, students, policy makers and activists with an interest in Southeast Asia and its connections to the rest of the world. &nbsp;The CCSEAS organizes a <a style=\"color: #000000;\" href=\"http:\/\/ccseas.ca\/conferences\/\">biennial conference<\/a> and publishes a <a style=\"color: #000000;\" href=\"http:\/\/ccseas.ca\/newsletter\/\">biannual student-run newsletter<\/a>. The <a style=\"color: #000000;\" href=\"http:\/\/www.yorku.ca\/ycar\">York Centre for Asian Research<\/a> at York University is the home of the CCSEAS Secretariat.&nbsp;<\/span><\/p>\n\n\n\n<p><span lang=\"FR-CA\" style=\"color: #000080;\">Le Conseil canadien des \u00e9tudes d\u2019Asie du Sud-Est (CCEASE) rassemble des universitaires, des \u00e9tudiant.e.s, des strat\u00e8ges et des militant.e.s qui s&#8217;int\u00e9ressent \u00e0 cette r\u00e9gion et \u00e0 ses liens avec le reste du monde. Le CCEASE organise <a style=\"color: #000080;\" href=\"http:\/\/ccseas.ca\/conferences\/\">une conf\u00e9rence biennale<\/a> et publie un <a style=\"color: #000080;\" href=\"http:\/\/ccseas.ca\/newsletter\/\">bulletin d\u2019information<\/a> g\u00e9r\u00e9 par des \u00e9tudiant.e.s. Le <a style=\"color: #000080;\" href=\"http:\/\/www.yorku.ca\/ycar\">York Centre for Asian Research<\/a> de l&#8217;Universit\u00e9 York sert de secr\u00e9tariat pour le CCEASE.&nbsp;<\/span><\/p>\n\n\n\n<p><\/p>\n\n\n\n<p><strong>Support the CCSEAS | <span style=\"color: #000080;\">Soutenir le CCEASE&nbsp;<\/span><\/strong><\/p>\n\n\n\n<p><span style=\"color: #000000;\">If you or your organization are interested in supporting CCSEAS and its activities, please contact the Secretariat at <a style=\"color: #000000;\" href=\"mailto:ccseas@yorku.ca\">ccseas[at]yorku.ca<\/a>.&nbsp;&nbsp;<\/span><\/p>\n\n\n\n<p><span style=\"color: #000080;\"><span lang=\"FR-CA\">Si vous ou votre organisation souhaitez soutenir le CCEASE et ses activit\u00e9s, veuillez s.v.p. nous en faire part en \u00e9crivant un message au Secr\u00e9tariat du CCEASE \u00e0 <\/span><a style=\"color: #000080;\" href=\"mailto:ccseas@yorku.ca\" target=\"_blank\" rel=\"noopener noreferrer\"><span lang=\"FR-CA\">ccseas[at]yorku.ca<\/span><\/a><\/span><span lang=\"FR-CA\"><span style=\"color: #000080;\">.&nbsp;<\/span> <\/span><\/p>\n\n\n\n<p><strong>Our Executive Committee for 2025\u201327<\/strong><\/p>\n\n\n\n<ul class=\"wp-block-list\">\n<li>President: Susanna Barnes (University of Saskatchewan)<\/li>\n\n\n\n<li>President Elect: Dennis Gupa (University of Winnipeg)<\/li>\n\n\n\n<li>Treasurer: Carolyn Oei&nbsp;(OISE, University of Toronto)<\/li>\n\n\n\n<li>Francophone Member-at-Large: Antoine Beaulieu (Universit\u00e9 Laval)<\/li>\n\n\n\n<li>Anglophone Member-at-Large: Trevor Preston&nbsp;(Centennial College)<\/li>\n\n\n\n<li>Student Representative: Margaux Maurel&nbsp;(HEC Montr\u00e9al)<\/li>\n\n\n\n<li>Communications Officer: Phuong Tran\u00a0(University of Ottawa)<\/li>\n<\/ul>\n\n\n\n<p class=\"has-accent-3-color has-text-color has-link-color wp-elements-2d02f1011e15b4894500147b59db42ce\"><strong>Comit\u00e9 ex\u00e9cutif, 2025\u201327<\/strong><\/p>\n\n\n\n<ul class=\"wp-block-list\">\n<li class=\"has-accent-3-color has-text-color has-link-color wp-elements-233363920a99b054f36a67a8f248c3e0\">Pr\u00e9sidente&nbsp;: Susana Barnes (Universit\u00e9 de Saskatchewan)<\/li>\n\n\n\n<li class=\"has-accent-3-color has-text-color has-link-color wp-elements-84baf0aa0dc98606ed751d7dd577bdae\">Pr\u00e9sident \u00e9lu&nbsp;: Dennis Gupa (Universit\u00e9 de Winnipeg)<\/li>\n\n\n\n<li class=\"has-accent-3-color has-text-color has-link-color wp-elements-6b619396997416a39f919f346c7e65c8\">Tr\u00e9sori\u00e8re&nbsp;: Carolyn Oei&nbsp;(Institut d\u2019\u00e9tudes p\u00e9dagogiques de l\u2019Ontario, Universit\u00e9 de Toronto)<\/li>\n\n\n\n<li class=\"has-accent-3-color has-text-color has-link-color wp-elements-aa50825170da62d0b3816deac7282240\">Membre francophone \u00e0 titre personnel&nbsp;: Antoine Beaulieu&nbsp;(Universit\u00e9 Laval)<\/li>\n\n\n\n<li class=\"has-accent-3-color has-text-color has-link-color wp-elements-fc6d4fb7c44dbf738dc7ae7dba065192\">Membre anglophone \u00e0 titre personnel&nbsp;: Trevor Preston&nbsp;(Coll\u00e8ge Centennial)<\/li>\n\n\n\n<li class=\"has-accent-3-color has-text-color has-link-color wp-elements-69da3686cc074957df81b2e3e31b0974\">Repr\u00e9sentante \u00e9tudiante&nbsp;: Margaux Maurel&nbsp;(HEC Montr\u00e9al)<\/li>\n\n\n\n<li class=\"has-accent-3-color has-text-color has-link-color wp-elements-dcaa3eff1bf6ea8399c8d8b7b0fc0754\">Responsable des communications&nbsp;: Phuong Tran&nbsp;(Universit\u00e9 d&#8217;Ottawa)<\/li>\n<\/ul>\n\n\n\n<p><\/p>\n","protected":false},"excerpt":{"rendered":"<p>This is just a short excerpt for the about&nbsp;page.<\/p>\n","protected":false},"author":1,"featured_media":0,"parent":0,"menu_order":1,"comment_status":"closed","ping_status":"closed","template":"","meta":{"footnotes":""},"class_list":["post-936","page","type-page","status-publish","hentry"],"_links":{"self":[{"href":"https:\/\/www.ccseas.ca\/index.php\/wp-json\/wp\/v2\/pages\/936","targetHints":{"allow":["GET"]}}],"collection":[{"href":"https:\/\/www.ccseas.ca\/index.php\/wp-json\/wp\/v2\/pages"}],"about":[{"href":"https:\/\/www.ccseas.ca\/index.php\/wp-json\/wp\/v2\/types\/page"}],"author":[{"embeddable":true,"href":"https:\/\/www.ccseas.ca\/index.php\/wp-json\/wp\/v2\/users\/1"}],"replies":[{"embeddable":true,"href":"https:\/\/www.ccseas.ca\/index.php\/wp-json\/wp\/v2\/comments?post=936"}],"version-history":[{"count":8,"href":"https:\/\/www.ccseas.ca\/index.php\/wp-json\/wp\/v2\/pages\/936\/revisions"}],"predecessor-version":[{"id":4443,"href":"https:\/\/www.ccseas.ca\/index.php\/wp-json\/wp\/v2\/pages\/936\/revisions\/4443"}],"wp:attachment":[{"href":"https:\/\/www.ccseas.ca\/index.php\/wp-json\/wp\/v2\/media?parent=936"}],"curies":[{"name":"wp","href":"https:\/\/api.w.org\/{rel}","templated":true}]}}